{"id":44841,"date":"2020-05-19T16:16:29","date_gmt":"2020-05-19T16:16:29","guid":{"rendered":"http:\/\/obegef.pt\/wordpress\/?page_id=44841"},"modified":"2020-05-19T17:55:12","modified_gmt":"2020-05-19T17:55:12","slug":"impressoes-sobre-fraude","status":"publish","type":"page","link":"https:\/\/obegef.pt\/wordpress\/?page_id=44841","title":{"rendered":"IMPRESS\u00d5ES SOBRE FRAUDE"},"content":{"rendered":"\n<p><em>Notas das reflex\u00f5es dinamizadas pelos membros do OBEGEF<\/em><\/p>\n\n\n\n<ul class=\"wp-block-list\"><li><strong><a href=\"http:\/\/obegef.pt\/wordpress\/wp-content\/uploads\/protegido\/IF1.pdf\" target=\"_blank\" rel=\"noreferrer noopener\">Introdu\u00e7\u00e3o<\/a><\/strong><\/li><\/ul>\n\n\n\n<ul class=\"wp-block-list\"><li><strong><a href=\"http:\/\/obegef.pt\/wordpress\/wp-content\/uploads\/protegido\/IF2.pdf\" target=\"_blank\" rel=\"noreferrer noopener\">Dinamiza\u00e7\u00e3o dos encontros<\/a><\/strong><\/li><\/ul>\n\n\n\n<ul class=\"wp-block-list\"><li><strong><a href=\"http:\/\/obegef.pt\/wordpress\/wp-content\/uploads\/protegido\/IF3.1.pdf\" target=\"_blank\" rel=\"noreferrer noopener\">Fraude no jogo - casinos<\/a><\/strong><\/li><\/ul>\n\n\n\n<ul class=\"wp-block-list\"><li><strong><a href=\"http:\/\/obegef.pt\/wordpress\/wp-content\/uploads\/protegido\/IF3.2.pdf\" target=\"_blank\" rel=\"noreferrer noopener\">Fraude no jogo - casinos e online<\/a><\/strong><\/li><\/ul>\n\n\n\n<p><\/p>\n","protected":false},"excerpt":{"rendered":"<p>Notas das reflex\u00f5es dinamizadas pelos membros do OBEGEF Introdu\u00e7\u00e3o Dinamiza\u00e7\u00e3o dos encontros Fraude no jogo &#8211; casinos Fraude no jogo &#8211; casinos e online<\/p>\n","protected":false},"author":1,"featured_media":0,"parent":1727,"menu_order":0,"comment_status":"closed","ping_status":"closed","template":"","meta":{"_bbp_topic_count":0,"_bbp_reply_count":0,"_bbp_total_topic_count":0,"_bbp_total_reply_count":0,"_bbp_voice_count":0,"_bbp_anonymous_reply_count":0,"_bbp_topic_count_hidden":0,"_bbp_reply_count_hidden":0,"_bbp_forum_subforum_count":0,"_exactmetrics_skip_tracking":false,"_exactmetrics_sitenote_active":false,"_exactmetrics_sitenote_note":"","_exactmetrics_sitenote_category":0,"footnotes":""},"class_list":["post-44841","page","type-page","status-publish","hentry"],"_links":{"self":[{"href":"https:\/\/obegef.pt\/wordpress\/index.php?rest_route=\/wp\/v2\/pages\/44841","targetHints":{"allow":["GET"]}}],"collection":[{"href":"https:\/\/obegef.pt\/wordpress\/index.php?rest_route=\/wp\/v2\/pages"}],"about":[{"href":"https:\/\/obegef.pt\/wordpress\/index.php?rest_route=\/wp\/v2\/types\/page"}],"author":[{"embeddable":true,"href":"https:\/\/obegef.pt\/wordpress\/index.php?rest_route=\/wp\/v2\/users\/1"}],"replies":[{"embeddable":true,"href":"https:\/\/obegef.pt\/wordpress\/index.php?rest_route=%2Fwp%2Fv2%2Fcomments&post=44841"}],"version-history":[{"count":4,"href":"https:\/\/obegef.pt\/wordpress\/index.php?rest_route=\/wp\/v2\/pages\/44841\/revisions"}],"predecessor-version":[{"id":44850,"href":"https:\/\/obegef.pt\/wordpress\/index.php?rest_route=\/wp\/v2\/pages\/44841\/revisions\/44850"}],"up":[{"embeddable":true,"href":"https:\/\/obegef.pt\/wordpress\/index.php?rest_route=\/wp\/v2\/pages\/1727"}],"wp:attachment":[{"href":"https:\/\/obegef.pt\/wordpress\/index.php?rest_route=%2Fwp%2Fv2%2Fmedia&parent=44841"}],"curies":[{"name":"wp","href":"https:\/\/api.w.org\/{rel}","templated":true}]}}