{"id":1761,"date":"2013-05-14T23:40:55","date_gmt":"2013-05-14T23:40:55","guid":{"rendered":"http:\/\/obegef.pt\/wordpress\/?page_id=1761"},"modified":"2017-12-22T18:07:13","modified_gmt":"2017-12-22T18:07:13","slug":"ensino","status":"publish","type":"page","link":"https:\/\/obegef.pt\/wordpress\/?page_id=1761","title":{"rendered":"Ensino"},"content":{"rendered":"<table border=\"0\" cellspacing=\"2\" cellpadding=\"2\" align=\"left\">\n<tbody>\n<tr>\n<td colspan=\"3\">P\u00f3s-gradua\u00e7\u00e3o Gest\u00e3o do risco de fraude econ\u00f3mico-financeira\n<\/td>\n<\/tr>\n<tr>\n<td align=\"left\" width=\"220\"><a href=\"https:\/\/obegef.pt\/wordpress\/wp-content\/uploads\/2017\/12\/GestaoRiscoFraude_site.pdf\" target=\"_blank\" rel=\"noopener\"><img loading=\"lazy\" decoding=\"async\" class=\"aligncenter\" style=\"line-height: 1.25rem;\" src=\"https:\/\/obegef.pt\/wordpress\/wp-content\/uploads\/2013\/07\/buttonpdf.png\" alt=\"Ver conte\u00fado\" width=\"112\" height=\"27\" align=\"middle\" border=\"0\" \/><\/a><\/td>\n<td colspan=\"2\" align=\"center\">\n<p style=\"text-align: left;\"><strong>INS<\/strong>TITUTO PORTUGU\u00caS DE <strong>PSI<\/strong>COLOGIA E OUTRAS <strong>CI\u00caNCIAS<\/p>\n<p style=\"text-align: left;\">2018<\/p>\n<\/td>\n<\/tr>\n<tr>\n<td colspan=\"3\"><\/td>\n<\/tr>\n<\/tbody>\n<\/table>\n<p>&nbsp;<\/p>\n<table border=\"0\" cellspacing=\"2\" cellpadding=\"2\" align=\"left\">\n<tbody>\n<tr>\n<td colspan=\"3\">Gest\u00e3o de Fraude<\/td>\n<\/tr>\n<tr>\n<td align=\"left\" width=\"220\"><a href=\"http:\/\/obegef.pt\/wordpress\/wp-content\/uploads\/2015\/04\/Programa-de-Gestao-de-Fraude.pdf\" target=\"_blank\" rel=\"noopener\"><img loading=\"lazy\" decoding=\"async\" class=\"aligncenter\" style=\"line-height: 1.25rem;\" src=\"http:\/\/obegef.pt\/wordpress\/wp-content\/uploads\/2015\/04\/Capa_GF.jpg\" alt=\"Capa da brochura\" width=\"200\" height=\"212\" align=\"middle\" border=\"0\" \/><\/a><\/td>\n<td colspan=\"2\" align=\"center\">\n<p style=\"text-align: left;\">Porto Business School<\/p>\n<p style=\"text-align: left;\">1\u00ba Curso: 2015<\/p>\n<p style=\"text-align: left;\">2\u00ba Curso: 2017<\/p>\n<p style=\"text-align: left;\"><a href=\"http:\/\/obegef.pt\/wordpress\/wp-content\/uploads\/2015\/04\/Programa-de-Gestao-de-Fraude.pdf\">\u00ab\u00ab\u00ab Importar brochura \u00bb\u00bb\u00bb<\/a><\/p>\n<\/td>\n<\/tr>\n<tr>\n<td colspan=\"3\"><\/td>\n<\/tr>\n<\/tbody>\n<\/table>\n<p>&nbsp;<\/p>\n<table border=\"0\" cellspacing=\"2\" cellpadding=\"2\" align=\"center\">\n<tbody>\n<tr>\n<td colspan=\"3\">O OBEGEF \u00e9 parceiro da P\u00f3s-Gradua\u00e7\u00e3o Gest\u00e3o de Risco Empresarial e Auditoria<\/td>\n<\/tr>\n<tr>\n<td align=\"left\" width=\"220\"><a href=\"http:\/\/obegef.pt\/wordpress\/wp-content\/uploads\/2013\/11\/PGREA2014.pdf\" target=\"_blank\" rel=\"noopener\"><img loading=\"lazy\" decoding=\"async\" class=\"aligncenter\" style=\"line-height: 1.25rem;\" src=\"http:\/\/obegef.pt\/wordpress\/wp-content\/uploads\/2013\/11\/PGREA-2014-1.jpg\" alt=\"Capa da brochura\" width=\"200\" height=\"260\" align=\"middle\" border=\"0\" \/><\/a><\/td>\n<td colspan=\"2\" align=\"center\">P\u00f3s-Gradua\u00e7\u00e3o Gest\u00e3o de Risco Empresarial e Auditoria<\/td>\n<\/tr>\n<tr>\n<td colspan=\"3\">Para consulta detalhada e inscri\u00e7\u00e3o <a href=\"http:\/\/www.pbs.up.pt\/?page_id=11793\" target=\"_blank\" rel=\"noopener\">Porto Business School<\/a><\/td>\n<\/tr>\n<\/tbody>\n<\/table>\n<p>&nbsp;<\/p>\n<table border=\"0\" cellspacing=\"2\" cellpadding=\"2\" align=\"center\">\n<tbody>\n<tr>\n<td colspan=\"3\">A cria\u00e7\u00e3o do Observat\u00f3rio est\u00e1 estreitamente associada \u00e0 P\u00f3s-Gradua\u00e7\u00e3o de Gest\u00e3o de Fraude.<br \/>\nA pr\u00f3xima edi\u00e7\u00e3o, ainda sem data marcada, ter\u00e1 muito provavelmente a seguinte estrutura:<\/td>\n<\/tr>\n<tr>\n<td align=\"left\" width=\"220\"><img loading=\"lazy\" decoding=\"async\" class=\"aligncenter\" style=\"line-height: 1.25rem;\" src=\"http:\/\/obegef.pt\/wordpress\/wp-content\/uploads\/2009\/01\/ens001_01.jpg\" alt=\"Capa da brochura\" width=\"200\" height=\"209\" align=\"middle\" border=\"0\" \/><\/td>\n<td align=\"center\">P\u00f3s-Gradua\u00e7\u00e3o em Gest\u00e3o de Fraude...<\/p>\n<p><a style=\"color: #000000; outline: #000000;\" href=\"http:\/\/obegef.pt\/wordpress\/wp-content\/uploads\/2009\/01\/ens001_02.pdf\" target=\"_blank\" rel=\"noopener\"> Importar<\/a><\/td>\n<td align=\"center\">Post-Graduate Course: Fraud Management<em id=\"__mceDel\"><\/em><em id=\"__mceDel\"><a style=\"color: #000000; outline: #000000; line-height: 1.25rem;\" href=\"http:\/\/obegef.pt\/wordpress\/wp-content\/uploads\/2009\/01\/ens001_03.pdf\" target=\"_blank\" rel=\"noopener\">...<\/a><\/em><\/p>\n<p><em id=\"__mceDel\"><a style=\"color: #000000; outline: #000000; line-height: 1.25rem;\" href=\"http:\/\/obegef.pt\/wordpress\/wp-content\/uploads\/2009\/01\/ens001_03.pdf\" target=\"_blank\" rel=\"noopener\">Download<\/a><\/em><\/td>\n<\/tr>\n<tr>\n<td colspan=\"3\">Se pretende ser informado antecipadamente de nova emiss\u00e3o, envie-nos um e-mail: <a href=\"mailto:geral@gestaodefraude.eu\">geral@gestaodefraude.eu<\/a><\/td>\n<\/tr>\n<\/tbody>\n<\/table>\n","protected":false},"excerpt":{"rendered":"<p>P\u00f3s-gradua\u00e7\u00e3o Gest\u00e3o do risco de fraude econ\u00f3mico-financeira INSTITUTO PORTUGU\u00caS DE PSICOLOGIA E OUTRAS CI\u00caNCIAS 2018 &nbsp; Gest\u00e3o de Fraude Porto Business School 1\u00ba Curso: 2015 2\u00ba Curso: 2017 \u00ab\u00ab\u00ab Importar brochura \u00bb\u00bb\u00bb &nbsp; O OBEGEF \u00e9 parceiro da P\u00f3s-Gradua\u00e7\u00e3o Gest\u00e3o de Risco Empresarial e Auditoria P\u00f3s-Gradua\u00e7\u00e3o Gest\u00e3o de Risco Empresarial e Auditoria Para consulta detalhada&hellip; <a href=\"https:\/\/obegef.pt\/wordpress\/?page_id=1761\">Ler mais&#8230;<\/a><\/p>\n","protected":false},"author":1,"featured_media":0,"parent":340,"menu_order":2,"comment_status":"closed","ping_status":"closed","template":"","meta":{"_bbp_topic_count":0,"_bbp_reply_count":0,"_bbp_total_topic_count":0,"_bbp_total_reply_count":0,"_bbp_voice_count":0,"_bbp_anonymous_reply_count":0,"_bbp_topic_count_hidden":0,"_bbp_reply_count_hidden":0,"_bbp_forum_subforum_count":0,"_exactmetrics_skip_tracking":false,"_exactmetrics_sitenote_active":false,"_exactmetrics_sitenote_note":"","_exactmetrics_sitenote_category":0,"footnotes":""},"class_list":["post-1761","page","type-page","status-publish","hentry"],"_links":{"self":[{"href":"https:\/\/obegef.pt\/wordpress\/index.php?rest_route=\/wp\/v2\/pages\/1761","targetHints":{"allow":["GET"]}}],"collection":[{"href":"https:\/\/obegef.pt\/wordpress\/index.php?rest_route=\/wp\/v2\/pages"}],"about":[{"href":"https:\/\/obegef.pt\/wordpress\/index.php?rest_route=\/wp\/v2\/types\/page"}],"author":[{"embeddable":true,"href":"https:\/\/obegef.pt\/wordpress\/index.php?rest_route=\/wp\/v2\/users\/1"}],"replies":[{"embeddable":true,"href":"https:\/\/obegef.pt\/wordpress\/index.php?rest_route=%2Fwp%2Fv2%2Fcomments&post=1761"}],"version-history":[{"count":30,"href":"https:\/\/obegef.pt\/wordpress\/index.php?rest_route=\/wp\/v2\/pages\/1761\/revisions"}],"predecessor-version":[{"id":34815,"href":"https:\/\/obegef.pt\/wordpress\/index.php?rest_route=\/wp\/v2\/pages\/1761\/revisions\/34815"}],"up":[{"embeddable":true,"href":"https:\/\/obegef.pt\/wordpress\/index.php?rest_route=\/wp\/v2\/pages\/340"}],"wp:attachment":[{"href":"https:\/\/obegef.pt\/wordpress\/index.php?rest_route=%2Fwp%2Fv2%2Fmedia&parent=1761"}],"curies":[{"name":"wp","href":"https:\/\/api.w.org\/{rel}","templated":true}]}}